{"id":65,"date":"2014-02-25T10:47:27","date_gmt":"2014-02-25T09:47:27","guid":{"rendered":"http:\/\/www.grangardemaskin.se\/?page_id=65"},"modified":"2022-01-18T13:07:06","modified_gmt":"2022-01-18T12:07:06","slug":"om-oss","status":"publish","type":"page","link":"https:\/\/www.grangardemaskin.se\/?page_id=65","title":{"rendered":"Om oss"},"content":{"rendered":"<p>F\u00f6retagspresentation \u2013 Grang\u00e4rde Maskin AB<\/p>\n<h3><strong>Inledning<\/strong><\/h3>\n<p>Vi \u00e4r ett f\u00f6retag som arbetar med service och reparationer av skogsmaskiner<br \/>\nsamt f\u00f6rs\u00e4ljning av reservdelar f\u00f6r Eco Log och Log Max.<br \/>\n<a href=\"http:\/\/www.grangardemaskin.se\/wp-content\/uploads\/2014\/02\/slider2.jpg\"><img loading=\"lazy\" decoding=\"async\" class=\"alignnone size-large wp-image-126\" src=\"http:\/\/www.grangardemaskin.se\/wp-content\/uploads\/2014\/02\/slider2-1024x404.jpg\" alt=\"slider2\" width=\"690\" height=\"272\" srcset=\"https:\/\/www.grangardemaskin.se\/wp-content\/uploads\/2014\/02\/slider2-1024x404.jpg 1024w, https:\/\/www.grangardemaskin.se\/wp-content\/uploads\/2014\/02\/slider2-300x118.jpg 300w, https:\/\/www.grangardemaskin.se\/wp-content\/uploads\/2014\/02\/slider2-148x58.jpg 148w, https:\/\/www.grangardemaskin.se\/wp-content\/uploads\/2014\/02\/slider2-31x12.jpg 31w, https:\/\/www.grangardemaskin.se\/wp-content\/uploads\/2014\/02\/slider2-38x15.jpg 38w, https:\/\/www.grangardemaskin.se\/wp-content\/uploads\/2014\/02\/slider2-425x167.jpg 425w, https:\/\/www.grangardemaskin.se\/wp-content\/uploads\/2014\/02\/slider2.jpg 1140w\" sizes=\"auto, (max-width: 690px) 100vw, 690px\" \/><\/a><\/p>\n<h3><strong>Historia<\/strong><\/h3>\n<p>1980 startade Per Arne Messing, Micael Olsson, Stig Linderholm och Anders Alm\u00e9n ett litet f\u00f6retag i Grang\u00e4rde. F\u00f6retaget hette Grang\u00e4rde Maskin AB. Under 90-talet b\u00f6rjade f\u00f6retaget att n\u00e5 framg\u00e5ngar p\u00e5 exportmarknader, och namnet, som var lite sv\u00e5rt att uttala p\u00e5 m\u00e5nga spr\u00e5k, \u00e4ndrades \u00e5r 2000 till Log Max AB.<\/p>\n<p>I november 2012 s\u00e5ldes Log Max AB till Komatsu, som inte hade n\u00e5got intresse av att forts\u00e4tta med den serviceverksamhet f\u00f6r Eco Logs skogsmaskiner som bedrevs av Log Max. F\u00f6ljden av detta blev att n\u00e5gra av de anst\u00e4llda beslutade att l\u00e4mna Log Max och starta ett eget f\u00f6retag med serviceverksamhet f\u00f6r skogsmaskiner, med fokus p\u00e5 Eco Log.<\/p>\n<p>Eftersom tre av de fyra som startade Grang\u00e4rde Maskin AB 1980 nu var delaktiga i att starta ett nytt f\u00f6retag k\u00e4ndes det kul och passande att det nya f\u00f6retaget fick namnet Grang\u00e4rde Maskin AB.<\/p>\n<h3><strong>Nutid<\/strong><\/h3>\n<p>Vi som nu (\u00e4ger och) arbetar p\u00e5 Grang\u00e4rde Maskin AB \u00e4r Anders Alm\u00e9n, Molle Messing, Stig Linderholm, Per Moberg\u00a0och Andreas Moberg, samtliga med ett f\u00f6rflutet p\u00e5 Log Max AB, och samtliga med gediget kunnande av skogsmaskiner.<\/p>\n<p>V\u00e5rt m\u00e5l denna g\u00e5ng \u00e4r inte att skapa ett nytt v\u00e4rldsf\u00f6retag, utan att bli v\u00e4rldsledande p\u00e5 skogsmaskinsservice i Grang\u00e4rde med omnejd!<br \/>\n2022<\/p>\n","protected":false},"excerpt":{"rendered":"<p>F\u00f6retagspresentation \u2013 Grang\u00e4rde Maskin AB Inledning Vi \u00e4r ett f\u00f6retag som arbetar med service och reparationer av skogsmaskiner samt f\u00f6rs\u00e4ljning av reservdelar f\u00f6r Eco Log och Log Max. Historia 1980 <a class=\"more-link\" href=\"https:\/\/www.grangardemaskin.se\/?page_id=65\">L&auml;s mer &rarr;<\/a><\/p>\n","protected":false},"author":1,"featured_media":0,"parent":0,"menu_order":0,"comment_status":"closed","ping_status":"closed","template":"","meta":{"footnotes":""},"class_list":["post-65","page","type-page","status-publish","hentry"],"_links":{"self":[{"href":"https:\/\/www.grangardemaskin.se\/index.php?rest_route=\/wp\/v2\/pages\/65","targetHints":{"allow":["GET"]}}],"collection":[{"href":"https:\/\/www.grangardemaskin.se\/index.php?rest_route=\/wp\/v2\/pages"}],"about":[{"href":"https:\/\/www.grangardemaskin.se\/index.php?rest_route=\/wp\/v2\/types\/page"}],"author":[{"embeddable":true,"href":"https:\/\/www.grangardemaskin.se\/index.php?rest_route=\/wp\/v2\/users\/1"}],"replies":[{"embeddable":true,"href":"https:\/\/www.grangardemaskin.se\/index.php?rest_route=%2Fwp%2Fv2%2Fcomments&post=65"}],"version-history":[{"count":18,"href":"https:\/\/www.grangardemaskin.se\/index.php?rest_route=\/wp\/v2\/pages\/65\/revisions"}],"predecessor-version":[{"id":268,"href":"https:\/\/www.grangardemaskin.se\/index.php?rest_route=\/wp\/v2\/pages\/65\/revisions\/268"}],"wp:attachment":[{"href":"https:\/\/www.grangardemaskin.se\/index.php?rest_route=%2Fwp%2Fv2%2Fmedia&parent=65"}],"curies":[{"name":"wp","href":"https:\/\/api.w.org\/{rel}","templated":true}]}}