{"id":101,"date":"2014-02-27T14:28:30","date_gmt":"2014-02-27T13:28:30","guid":{"rendered":"http:\/\/www.grangardemaskin.se\/?page_id=101"},"modified":"2017-05-29T07:44:20","modified_gmt":"2017-05-29T05:44:20","slug":"service","status":"publish","type":"page","link":"https:\/\/www.grangardemaskin.se\/?page_id=101","title":{"rendered":"Vi erbjuder f\u00f6ljande tj\u00e4nster"},"content":{"rendered":"<h3>\u00a0Service och Reparationer<\/h3>\n<p><img loading=\"lazy\" decoding=\"async\" class=\"size-medium wp-image-132 alignleft\" style=\"margin-right: 10px;\" src=\"http:\/\/www.grangardemaskin.se\/wp-content\/uploads\/2014\/02\/Service-300x179.jpg\" alt=\"Service\" width=\"300\" height=\"179\" srcset=\"https:\/\/www.grangardemaskin.se\/wp-content\/uploads\/2014\/02\/Service-300x179.jpg 300w, https:\/\/www.grangardemaskin.se\/wp-content\/uploads\/2014\/02\/Service-1024x614.jpg 1024w, https:\/\/www.grangardemaskin.se\/wp-content\/uploads\/2014\/02\/Service-148x88.jpg 148w, https:\/\/www.grangardemaskin.se\/wp-content\/uploads\/2014\/02\/Service-31x18.jpg 31w, https:\/\/www.grangardemaskin.se\/wp-content\/uploads\/2014\/02\/Service-38x22.jpg 38w, https:\/\/www.grangardemaskin.se\/wp-content\/uploads\/2014\/02\/Service-358x215.jpg 358w\" sizes=\"auto, (max-width: 300px) 100vw, 300px\" \/><\/p>\n<p>Vi utf\u00f6r service och reparationer av Eco Log skogsmaskiner och Log Max aggregat. \u00a0Antingen utf\u00f6r vi jobbet ute p\u00e5 plats eller i v\u00e5ra lokaler i Sunnansj\u00f6.\u00a0Vi renoverar Log Max aggregat.<\/p>\n<p><span style=\"line-height: 1.5em;\">Vi utf\u00f6r \u00e4ven andra reparationer. Ring oss!<\/span><\/p>\n<h3>Kontroll av sl\u00e4ckanl\u00e4ggning<\/h3>\n<p><a href=\"http:\/\/www.grangardemaskin.se\/wp-content\/uploads\/2014\/02\/brandskydd.jpg\"><img loading=\"lazy\" decoding=\"async\" class=\"alignleft size-medium wp-image-145\" style=\"margin-right: 10px;\" src=\"http:\/\/www.grangardemaskin.se\/wp-content\/uploads\/2014\/02\/brandskydd-300x179.jpg\" alt=\"brandskydd\" width=\"300\" height=\"179\" srcset=\"https:\/\/www.grangardemaskin.se\/wp-content\/uploads\/2014\/02\/brandskydd-300x179.jpg 300w, https:\/\/www.grangardemaskin.se\/wp-content\/uploads\/2014\/02\/brandskydd-1024x614.jpg 1024w, https:\/\/www.grangardemaskin.se\/wp-content\/uploads\/2014\/02\/brandskydd-148x88.jpg 148w, https:\/\/www.grangardemaskin.se\/wp-content\/uploads\/2014\/02\/brandskydd-31x18.jpg 31w, https:\/\/www.grangardemaskin.se\/wp-content\/uploads\/2014\/02\/brandskydd-38x22.jpg 38w, https:\/\/www.grangardemaskin.se\/wp-content\/uploads\/2014\/02\/brandskydd-358x215.jpg 358w\" sizes=\"auto, (max-width: 300px) 100vw, 300px\" \/><\/a>Vi utf\u00f6r kontroll av sl\u00e4ckanl\u00e4ggningar p\u00e5\u00a0maskiner med DAFO-system.<\/p>\n<p>&nbsp;<\/p>\n<h3>Kundanpassning av Log Max-aggregat<\/h3>\n<p><img loading=\"lazy\" decoding=\"async\" class=\"alignleft size-medium wp-image-133\" style=\"margin-right: 10px;\" src=\"http:\/\/www.grangardemaskin.se\/wp-content\/uploads\/2014\/02\/montering-300x179.jpg\" alt=\"montering\" width=\"300\" height=\"179\" srcset=\"https:\/\/www.grangardemaskin.se\/wp-content\/uploads\/2014\/02\/montering-300x179.jpg 300w, https:\/\/www.grangardemaskin.se\/wp-content\/uploads\/2014\/02\/montering-1024x614.jpg 1024w, https:\/\/www.grangardemaskin.se\/wp-content\/uploads\/2014\/02\/montering-148x88.jpg 148w, https:\/\/www.grangardemaskin.se\/wp-content\/uploads\/2014\/02\/montering-31x18.jpg 31w, https:\/\/www.grangardemaskin.se\/wp-content\/uploads\/2014\/02\/montering-38x22.jpg 38w, https:\/\/www.grangardemaskin.se\/wp-content\/uploads\/2014\/02\/montering-358x215.jpg 358w\" sizes=\"auto, (max-width: 300px) 100vw, 300px\" \/><\/p>\n<p>Vi kundanpassar Log Max- aggregat inf\u00f6r leverans till Eco Log.<\/p>\n<p>&nbsp;<\/p>\n<h3>Telefonsupport<\/h3>\n<p><a href=\"http:\/\/www.grangardemaskin.se\/wp-content\/uploads\/2014\/02\/ecolog.jpg\"><img loading=\"lazy\" decoding=\"async\" class=\"alignleft size-medium wp-image-146\" style=\"margin-right: 10px;\" src=\"http:\/\/www.grangardemaskin.se\/wp-content\/uploads\/2014\/02\/ecolog-300x217.jpg\" alt=\"ecolog\" width=\"300\" height=\"217\" srcset=\"https:\/\/www.grangardemaskin.se\/wp-content\/uploads\/2014\/02\/ecolog-300x217.jpg 300w, https:\/\/www.grangardemaskin.se\/wp-content\/uploads\/2014\/02\/ecolog-148x107.jpg 148w, https:\/\/www.grangardemaskin.se\/wp-content\/uploads\/2014\/02\/ecolog-31x22.jpg 31w, https:\/\/www.grangardemaskin.se\/wp-content\/uploads\/2014\/02\/ecolog-38x27.jpg 38w, https:\/\/www.grangardemaskin.se\/wp-content\/uploads\/2014\/02\/ecolog-296x215.jpg 296w, https:\/\/www.grangardemaskin.se\/wp-content\/uploads\/2014\/02\/ecolog.jpg 475w\" sizes=\"auto, (max-width: 300px) 100vw, 300px\" \/><\/a>Vi erbjuder telefonsupport f\u00f6r Eco Log skogsmaskiner.<\/p>\n","protected":false},"excerpt":{"rendered":"<p>\u00a0Service och Reparationer Vi utf\u00f6r service och reparationer av Eco Log skogsmaskiner och Log Max aggregat. \u00a0Antingen utf\u00f6r vi jobbet ute p\u00e5 plats eller i v\u00e5ra lokaler i Sunnansj\u00f6.\u00a0Vi renoverar <a class=\"more-link\" href=\"https:\/\/www.grangardemaskin.se\/?page_id=101\">L&auml;s mer &rarr;<\/a><\/p>\n","protected":false},"author":1,"featured_media":0,"parent":0,"menu_order":0,"comment_status":"closed","ping_status":"closed","template":"","meta":{"footnotes":""},"class_list":["post-101","page","type-page","status-publish","hentry"],"_links":{"self":[{"href":"https:\/\/www.grangardemaskin.se\/index.php?rest_route=\/wp\/v2\/pages\/101","targetHints":{"allow":["GET"]}}],"collection":[{"href":"https:\/\/www.grangardemaskin.se\/index.php?rest_route=\/wp\/v2\/pages"}],"about":[{"href":"https:\/\/www.grangardemaskin.se\/index.php?rest_route=\/wp\/v2\/types\/page"}],"author":[{"embeddable":true,"href":"https:\/\/www.grangardemaskin.se\/index.php?rest_route=\/wp\/v2\/users\/1"}],"replies":[{"embeddable":true,"href":"https:\/\/www.grangardemaskin.se\/index.php?rest_route=%2Fwp%2Fv2%2Fcomments&post=101"}],"version-history":[{"count":25,"href":"https:\/\/www.grangardemaskin.se\/index.php?rest_route=\/wp\/v2\/pages\/101\/revisions"}],"predecessor-version":[{"id":174,"href":"https:\/\/www.grangardemaskin.se\/index.php?rest_route=\/wp\/v2\/pages\/101\/revisions\/174"}],"wp:attachment":[{"href":"https:\/\/www.grangardemaskin.se\/index.php?rest_route=%2Fwp%2Fv2%2Fmedia&parent=101"}],"curies":[{"name":"wp","href":"https:\/\/api.w.org\/{rel}","templated":true}]}}